{"id":632,"date":"2017-07-13T12:54:22","date_gmt":"2017-07-13T10:54:22","guid":{"rendered":"http:\/\/ekoolimpiada.net.pl\/?page_id=632"},"modified":"2026-01-28T11:06:15","modified_gmt":"2026-01-28T10:06:15","slug":"wykaz-uczelni-2","status":"publish","type":"page","link":"https:\/\/www.ekoolimpiada.pl\/?page_id=632","title":{"rendered":"Wykaz uczelni 2025"},"content":{"rendered":"<p><strong>WYKAZ UCZELNI I KIERUNK\u00d3W, <\/strong><strong>NA KT\u00d3RE LAUREACI I FINALI\u015aCI OLIMPIADY WIEDZY EKOLOGICZNEJ MAJ\u0104 WST\u0118P BEZ POST\u0118POWANIA KWALIFIKACYJNEGO)<\/strong><\/p>\n<p>Skr\u00f3ty: L &#8211; laureat fina\u0142u centralnegocentralnego (10 os\u00f3b bior\u0105cych udzia\u0142 w cz\u0119\u015bci ustnej),<br \/>F &#8211; finalista eliminacji centralnych, kt\u00f3ry uzyska\u0142 z testu minimum 70% poprawnych odpowiedzi<\/p>\n\n\n<div data-wp-interactive=\"core\/file\" class=\"wp-block-file\"><object data-wp-bind--hidden=\"!state.hasPdfPreview\" hidden class=\"wp-block-file__embed\" data=\"https:\/\/ekoolimpiada.pl\/wp-content\/uploads\/2026\/01\/Uczelnie-2025-ost.pdf\" type=\"application\/pdf\" style=\"width:100%;height:796px\" aria-label=\"Osadzone z Uczelnie 2025 ost..\"><\/object><a id=\"wp-block-file--media-ff20488b-8e7a-44c0-897c-0be4a67744e8\" href=\"https:\/\/ekoolimpiada.pl\/?attachment_id=1973\" target=\"_blank\" rel=\"noreferrer noopener\">Uczelnie 2025 ost.<\/a><a href=\"https:\/\/ekoolimpiada.pl\/wp-content\/uploads\/2026\/01\/Uczelnie-2025-ost.pdf\" class=\"wp-block-file__button wp-element-button\" download aria-describedby=\"wp-block-file--media-ff20488b-8e7a-44c0-897c-0be4a67744e8\">Pobierz<\/a><\/div>\n\n\n<p>\u00a0<\/p>\n<p style=\"text-align: left;\"><strong>Stan na 11 maja 2025 r.<\/strong><\/p>\n<p><strong>Ze wzgl\u0119du na fakt, i\u017c uczelnie nie zawsze informuj\u0105 indywidualnie komitety g\u0142\u00f3wne olimpiad przedmiotowych o uchwa\u0142ach w sprawie przyznania okre\u015blonych uprawnie\u0144 finalistom i laureatom danej olimpiady przedmiotowej (pomimo wysy\u0142ania indywidualnych pism przez GK OWE ), a tak\u017ce ze wzgl\u0119du<\/strong> <strong>na to, i\u017c wiele wydzia\u0142\u00f3w uczelni przyznaje uprawnienia na kierunki, kt\u00f3rymi mniejsza ilo\u015b\u0107 uczestnik\u00f3w OWE mog\u0142aby by\u0107 zainteresowana.<\/strong><\/p>\n<p><strong>NALE\u017bY ZAWSZE PYTA\u0106 W DZIEKANACIE INTERESUJ\u0104CEGO WAS WYDZIA\u0141U UCZELNI O EWENTUALNE UPRAWNIENIA NADANE.<\/strong><\/p>\n<p><strong>Umieszczenie informacji w powy\u017cszej tabeli oznacza, i\u017c dana uczelnia \/ wydzia\u0142 potwierdzi\u0142y uprawnienia finalistom i laureatom OWE.<\/strong><strong><br \/><\/strong><strong>Jednak\u017ce brak danego kierunku w powy\u017cszej tabeli nie musi oznacza\u0107 braku takich uprawnie\u0144 \u2013 mo\u017ce jedynie oznacza\u0107 brak oficjalnego ich potwierdzenia przez senat \/\u00a0dziekanat danej uczelni.<\/strong><\/p>\n\n\n<p><\/p>\n\n\n\n<p><\/p>\n","protected":false},"excerpt":{"rendered":"<p>WYKAZ UCZELNI I KIERUNK\u00d3W, NA KT\u00d3RE LAUREACI I FINALI\u015aCI OLIMPIADY WIEDZY EKOLOGICZNEJ MAJ\u0104 WST\u0118P BEZ POST\u0118POWANIA KWALIFIKACYJNEGO) Skr\u00f3ty: L &#8211; laureat fina\u0142u centralnegocentralnego (10 os\u00f3b bior\u0105cych udzia\u0142 w cz\u0119\u015bci ustnej),F &#8211; finalista eliminacji centralnych, kt\u00f3ry uzyska\u0142 z testu minimum 70% poprawnych odpowiedzi \u00a0 Stan na 11 maja 2025 r. Ze wzgl\u0119du na fakt, i\u017c uczelnie [&hellip;]<\/p>\n","protected":false},"author":2,"featured_media":0,"parent":0,"menu_order":0,"comment_status":"closed","ping_status":"closed","template":"","meta":{"footnotes":""},"class_list":["post-632","page","type-page","status-publish","hentry"],"_links":{"self":[{"href":"https:\/\/www.ekoolimpiada.pl\/index.php?rest_route=\/wp\/v2\/pages\/632","targetHints":{"allow":["GET"]}}],"collection":[{"href":"https:\/\/www.ekoolimpiada.pl\/index.php?rest_route=\/wp\/v2\/pages"}],"about":[{"href":"https:\/\/www.ekoolimpiada.pl\/index.php?rest_route=\/wp\/v2\/types\/page"}],"author":[{"embeddable":true,"href":"https:\/\/www.ekoolimpiada.pl\/index.php?rest_route=\/wp\/v2\/users\/2"}],"replies":[{"embeddable":true,"href":"https:\/\/www.ekoolimpiada.pl\/index.php?rest_route=%2Fwp%2Fv2%2Fcomments&post=632"}],"version-history":[{"count":4,"href":"https:\/\/www.ekoolimpiada.pl\/index.php?rest_route=\/wp\/v2\/pages\/632\/revisions"}],"predecessor-version":[{"id":1982,"href":"https:\/\/www.ekoolimpiada.pl\/index.php?rest_route=\/wp\/v2\/pages\/632\/revisions\/1982"}],"wp:attachment":[{"href":"https:\/\/www.ekoolimpiada.pl\/index.php?rest_route=%2Fwp%2Fv2%2Fmedia&parent=632"}],"curies":[{"name":"wp","href":"https:\/\/api.w.org\/{rel}","templated":true}]}}