{"id":377,"date":"2016-06-06T11:08:01","date_gmt":"2016-06-06T09:08:01","guid":{"rendered":"http:\/\/ekoolimpiada.net.pl\/?page_id=377"},"modified":"2016-06-06T11:08:01","modified_gmt":"2016-06-06T09:08:01","slug":"literatura-zalecana","status":"publish","type":"page","link":"https:\/\/www.ekoolimpiada.pl\/?page_id=377","title":{"rendered":"Literatura obowi\u0105zuj\u0105ca"},"content":{"rendered":"<ol>\n<li>Attenborough D.(red.) 2024 \u2013 \u017bycie na Ziemi \u2013 PWN, Warszawa.<\/li>\n<li>Blaser M.J. 2016 \u2013 Utracone mikroby \u2013 Galaktyka, \u0141\u00f3d\u017a.<\/li>\n<li>Borowski G. (red.) 2010 Leksykon ekoin\u017cynierii PTIE, Warszawa.<\/li>\n<li>Campbell \u00a0N.A., Reece J.H., Urry L.A. i in. 2023 Biologia, Rebis, Pozna\u0144.<\/li>\n<li>Dziektarz D. 2024 \u2013 Rozejrzyj si\u0119 \u2013 fascynuj\u0105cy \u015bwiat polskiej przyrody \u2013 Powergraph.<\/li>\n<li>Falencka-Jab\u0142o\u0144ska M.(red.) 2007 \u2013 Drzewa wok\u00f3\u0142 nas czyli tajemnice, kt\u00f3re warto pozna\u0107 Agencja Reklamowo-Wydawnicza A. Grzegorczyk, Babice Stare.<\/li>\n<li>Falencka-Jab\u0142o\u0144ska M. 2019 (red.). Zbi\u00f3r zestaw\u00f3w pyta\u0144 XXIX-XXXIII Olimpiady Wiedzy Ekologicznej \u2013 Materia\u0142y pomocnicze w realizacji program\u00f3w ekologii i ochrony \u015brodowiska w szko\u0142ach ponadpodstawowych \u2013 ABL Poligrafia, Warszawa.<\/li>\n<li>Fali\u0144ska K. 2012 \u2013 Ekologia ro\u015blin PWN, Warszawa.<\/li>\n<li>Gore A. Niewygodna prawda 2007 \u2013 Sonia Draga, Katowice.<\/li>\n<li>Kalinowska A. 2003 Ekologia wyb\u00f3r na nowe stulecie Agencja Reklamowo-Wydawnicza A. Grzegorczyk, Warszawa.<\/li>\n<li>Kosi\u0144ska 2018 \u2013 Zwierz\u0119ta Polski, Oficyna Wydawnicza Multico, Warszawa.<\/li>\n<li>Krebs Ch. 2011 \u2013 Ekologia, PWN, Warszawa.<\/li>\n<li>Lewandowski W.M. 2006 \u2013 Proekologiczne odnawialne \u017ar\u00f3d\u0142a energii Wyd. Naukowo-Techniczne, Warszawa.<\/li>\n<li>Louv R. 2014 \u2013 Ostatnie dziecko lasu \u2013 Jak uchroni\u0107 nasze dzieci przed zespo\u0142em deficytu natury, Relacja, Warszawa.<\/li>\n<li>Ma\u0142achowski K. 2011 \u2013 Gospodarka a \u015brodowisko i ekologia, PWN, Warszawa.<\/li>\n<li>Manahan S.E. 2013 \u2013 Toksykologia \u015brodowiska, PWN, Warszawa.<\/li>\n<li>Ochrona \u015arodowiska 2023 \u2013 GUS, Warszawa.<\/li>\n<li>Pi\u0119kno\u015b-Mirkowa H., Mirek Z. 2018 Flora Polski \u2013 Ro\u015bliny chronione, Oficyna Wydawnicza Multico, Warszawa.<\/li>\n<li>Popkiewicz M. 2015 \u2013 \u015awiat na rozdro\u017cu, Sonia Draga, Katowice.<\/li>\n<li>Popkiewicz M. 2015 \u2013 Rewolucja energetyczna \u2013 ale po co? Sonia Draga, Katowice.<\/li>\n<li>Radecki W.(red.) 2009 \u2013 Op\u0142aty i kary pieni\u0119\u017cne w ochronie \u015brodowiska \u2013 komentarz do przepis\u00f3w ustaw \u2013 Difin, Warszawa.<\/li>\n<li>Simard S. 2021 \u2013 W poszukiwaniu matki drzew \u2013 dowody na inteligencj\u0119 lasu Publicat S.A. Wroc\u0142aw.<\/li>\n<li>Spitzer M.-2015 Cyfrowa demencja \u2013 W jaki spos\u00f3b pozbawiamy rozumu siebie i swoje dzieci, Dobra Literatura, S\u0142upsk<\/li>\n<li>Weiner J. 2003 \u2013 \u017bycie i ekologia biosfery, PWN, Warszawa.<\/li>\n<li>Wohlleben P. 2016 \u2013 Sekretne \u017cycie drzew \u2013 Otwarte, Krak\u00f3w.<\/li>\n<li>Wohlleben P. 2017 \u2013 Duchowe \u017cycie zwierz\u0105t \u2013 Otwarte, Krak\u00f3w.<\/li>\n<\/ol>\n<p>Zalecane s\u0105 r\u00f3wnie\u017c bie\u017c\u0105ce artyku\u0142y tematyczne z czasopism: \u015arodowisko, Wiedza i \u017bycie i Przyroda Polska.<\/p>\n","protected":false},"excerpt":{"rendered":"<p>Attenborough D.(red.) 2024 \u2013 \u017bycie na Ziemi \u2013 PWN, Warszawa. Blaser M.J. 2016 \u2013 Utracone mikroby \u2013 Galaktyka, \u0141\u00f3d\u017a. Borowski G. (red.) 2010 Leksykon ekoin\u017cynierii PTIE, Warszawa. Campbell \u00a0N.A., Reece J.H., Urry L.A. i in. 2023 Biologia, Rebis, Pozna\u0144. Dziektarz D. 2024 \u2013 Rozejrzyj si\u0119 \u2013 fascynuj\u0105cy \u015bwiat polskiej przyrody \u2013 Powergraph. Falencka-Jab\u0142o\u0144ska M.(red.) 2007 [&hellip;]<\/p>\n","protected":false},"author":2,"featured_media":0,"parent":0,"menu_order":0,"comment_status":"closed","ping_status":"closed","template":"","meta":{"footnotes":""},"class_list":["post-377","page","type-page","status-publish","hentry"],"_links":{"self":[{"href":"https:\/\/www.ekoolimpiada.pl\/index.php?rest_route=\/wp\/v2\/pages\/377","targetHints":{"allow":["GET"]}}],"collection":[{"href":"https:\/\/www.ekoolimpiada.pl\/index.php?rest_route=\/wp\/v2\/pages"}],"about":[{"href":"https:\/\/www.ekoolimpiada.pl\/index.php?rest_route=\/wp\/v2\/types\/page"}],"author":[{"embeddable":true,"href":"https:\/\/www.ekoolimpiada.pl\/index.php?rest_route=\/wp\/v2\/users\/2"}],"replies":[{"embeddable":true,"href":"https:\/\/www.ekoolimpiada.pl\/index.php?rest_route=%2Fwp%2Fv2%2Fcomments&post=377"}],"version-history":[{"count":0,"href":"https:\/\/www.ekoolimpiada.pl\/index.php?rest_route=\/wp\/v2\/pages\/377\/revisions"}],"wp:attachment":[{"href":"https:\/\/www.ekoolimpiada.pl\/index.php?rest_route=%2Fwp%2Fv2%2Fmedia&parent=377"}],"curies":[{"name":"wp","href":"https:\/\/api.w.org\/{rel}","templated":true}]}}